{"id":1397,"date":"2017-10-11T05:27:49","date_gmt":"2017-10-11T05:27:49","guid":{"rendered":"http:\/\/apressthemes.com\/demo35\/?page_id=1397"},"modified":"2017-10-11T05:27:49","modified_gmt":"2017-10-11T05:27:49","slug":"sobre-nos","status":"publish","type":"page","link":"https:\/\/kurdian.com.br\/index.php\/sobre-nos\/","title":{"rendered":"Sobre N\u00f3s"},"content":{"rendered":"<p>[vc_row bg_type=&#8221;image&#8221; parallax_style=&#8221;vcpb-vz-jquery&#8221; bg_image_new=&#8221;id^2014|url^http:\/\/157.245.12.223\/wp-content\/uploads\/2019\/09\/Depositphotos_295167458_l-2015.jpg|caption^Denture. Dental case for storage of finished dentures. Production of dental crowns on a digital 3 D printer. Dental modeling. Dentistry.|alt^servi\u00e7os e produtos do laborat\u00f3rio de pr\u00f3tese kurdian|title^pr\u00f3tese-dental-kurdian|description^null&#8221; bg_image_repeat=&#8221;no-repeat&#8221; parallax_sense=&#8221;30&#8243; bg_override=&#8221;ex-full&#8221; parallax_content=&#8221;parallax_content_value&#8221; css=&#8221;.vc_custom_1568253753593{padding-top: 250px !important;padding-bottom: 250px !important;}&#8221;][vc_column]<div id=\"uvc-type-wrap-9847\"  data-ultimate-target='#uvc-type-wrap-9847'  data-responsive-json-new='{\"font-size\":\"desktop:80px;tablet:60px;tablet_portrait:30px;mobile_landscape:25px;mobile:25px;\",\"line-height\":\"desktop:150px;tablet:100px;tablet_portrait:60px;mobile_landscape:50px;mobile:50px;\"}'  class=\"uvc-type-wrap  ult-adjust-bottom-margin ult-responsive  uvc-type-align-center  uvc-wrap-96798983069fb374ae32b2\" style=\"text-align:center;\"><span  data-ultimate-target='#uvc-type-wrap-9847 .mycustfancy'  data-responsive-json-new='{\"font-size\":\"desktop:80px;tablet:60px;tablet_portrait:30px;mobile_landscape:25px;mobile:25px;\",\"line-height\":\"desktop:150px;tablet:100px;tablet_portrait:60px;mobile_landscape:50px;mobile:50px;\"}'  class=\"ultimate-typewriter-prefix mycustfancy ult-responsive\" style=\"font-family:&#039;Open Sans&#039;;font-weight:bold;color:#000000; text-transform: unset;\">KURDIAN PR\u00d3TESE<\/span><span id=\"typed-96798983069fb374ae32b2\" class=\"ultimate-typed-main \" style=\"color:#ddc3bb; font-family:&#039;Open Sans&#039;;font-weight:bold; text-transform: unset;\"><\/span><script type=\"text\/javascript\"> \r\n\t\t\t\t\t\tjQuery(function($){ \r\n\t\t\t\t\t\t\t$(document).ready(function(){\r\n\t\t\t\t\t\t\t\tif( typeof jQuery(\"#typed-96798983069fb374ae32b2\").typed == \"function\"){\r\n\t\t\t\t\t\t\t\t\t$(\"#typed-96798983069fb374ae32b2\").typed({\r\n\t\t\t\t\t\t\t\t\t\tstrings: [\"DENTAL\"],\r\n\t\t\t\t\t\t\t\t\t\ttypeSpeed: 35,\r\n\t\t\t\t\t\t\t\t\t\tbackSpeed: 0,\r\n\t\t\t\t\t\t\t\t\t\tstartDelay: 200,\r\n\t\t\t\t\t\t\t\t\t\tbackDelay: 1500,\r\n\t\t\t\t\t\t\t\t\t\tloop: true,\r\n\t\t\t\t\t\t\t\t\t\tloopCount: false,\r\n\t\t\t\t\t\t\t\t\t\tshowCursor: true,\r\n\t\t\t\t\t\t\t\t\t\tcursorChar: \"|\",\r\n\t\t\t\t\t\t\t\t\t\tattr: null\r\n\t\t\t\t\t\t\t\t\t});\r\n\t\t\t\t\t\t\t\t}\r\n\t\t\t\t\t\t\t});\r\n\t\t\t\t\t\t});\r\n\t\t\t\t\t<\/script><\/div>[\/vc_column][\/vc_row][vc_row gap=&#8221;10&#8243; content_placement=&#8221;top&#8221; css=&#8221;.vc_custom_1565057498048{padding-top: 50px !important;padding-bottom: 15px !important;}&#8221;][vc_column width=&#8221;1\/3&#8243; offset=&#8221;vc_col-lg-offset-0 vc_col-md-offset-0 vc_col-sm-offset-0&#8243;]<div id=\"ultimate-heading-478169fb374ae344d\" class=\"uvc-heading ult-adjust-bottom-margin ultimate-heading-478169fb374ae344d uvc-9333 \" data-hspacer=\"no_spacer\"  data-halign=\"right\" style=\"text-align:right\"><div class=\"uvc-heading-spacer no_spacer\" style=\"top\"><\/div><div class=\"uvc-main-heading ult-responsive\"  data-ultimate-target='.uvc-heading.ultimate-heading-478169fb374ae344d h2'  data-responsive-json-new='{\"font-size\":\"desktop:35px;\",\"line-height\":\"desktop:60px;\"}' ><h2 style=\"font-weight:normal;\">Laborat\u00f3rio<\/h2><\/div><div class=\"uvc-sub-heading ult-responsive\"  data-ultimate-target='.uvc-heading.ultimate-heading-478169fb374ae344d .uvc-sub-heading '  data-responsive-json-new='{\"font-size\":\"desktop:35px;\",\"line-height\":\"\"}'  style=\"font-weight:normal;\">Kurdian<\/div><\/div>[\/vc_column][vc_column width=&#8221;1\/2&#8243;][vc_column_text]<\/p>\n<p style=\"text-align: justify;\">O Laborat\u00f3rio Kurdian foi idealizado com o objetivo de prestar servi\u00e7o de excel\u00eancia e atendimento humanizado. Nossa equipe de profissionais est\u00e1 em constante processo de aprendizagem e capacita\u00e7\u00e3o, visando melhorar os nossos processos internos e entrega de nossos produtos e servi\u00e7os.<\/p>\n<p>[\/vc_column_text][\/vc_column][vc_column width=&#8221;1\/6&#8243;][\/vc_column][\/vc_row][vc_row gap=&#8221;10&#8243; content_placement=&#8221;top&#8221; css=&#8221;.vc_custom_1565057498048{padding-top: 50px !important;padding-bottom: 15px !important;}&#8221;][vc_column width=&#8221;1\/3&#8243; offset=&#8221;vc_col-lg-offset-0 vc_col-md-offset-0 vc_col-sm-offset-0&#8243;]<div id=\"ultimate-heading-504569fb374ae3476\" class=\"uvc-heading ult-adjust-bottom-margin ultimate-heading-504569fb374ae3476 uvc-4683 \" data-hspacer=\"no_spacer\"  data-halign=\"right\" style=\"text-align:right\"><div class=\"uvc-heading-spacer no_spacer\" style=\"top\"><\/div><div class=\"uvc-main-heading ult-responsive\"  data-ultimate-target='.uvc-heading.ultimate-heading-504569fb374ae3476 h2'  data-responsive-json-new='{\"font-size\":\"desktop:35px;\",\"line-height\":\"desktop:60px;\"}' ><h2 style=\"font-weight:normal;\">Nossos valores<\/h2><\/div><div class=\"uvc-sub-heading ult-responsive\"  data-ultimate-target='.uvc-heading.ultimate-heading-504569fb374ae3476 .uvc-sub-heading '  data-responsive-json-new='{\"font-size\":\"desktop:35px;\",\"line-height\":\"\"}'  style=\"font-weight:normal;\">institucionais<\/div><\/div>[\/vc_column][vc_column width=&#8221;1\/2&#8243;][vc_column_text]<strong>\u00c9tica e Transpar\u00eancia<\/strong><\/p>\n<p>A transpar\u00eancia e \u00e9tica est\u00e1 intr\u00ednseca em nossos processos, pol\u00edticas de valores, e materiais e t\u00e9cnicas utilizadas. O contato direto com a t\u00e9cnica respons\u00e1vel faz parte disso.[\/vc_column_text][vc_column_text]<strong>Qualidade<br \/>\n<\/strong>Visamos prestar servi\u00e7os de pr\u00f3tese dental com excel\u00eancia e agilidade. Nosso processo de qualidade est\u00e1 presente em todas as fases da produ\u00e7\u00e3o at\u00e9 a finaliza\u00e7\u00e3o do servi\u00e7o e entrega.[\/vc_column_text][vc_column_text]<strong>Responsabilidade<\/strong><\/p>\n<p>Entendemos como responsabilidade o cumprimento de todos os servi\u00e7os da forma segura, saud\u00e1vel e com qualidade.[\/vc_column_text][\/vc_column][vc_column width=&#8221;1\/6&#8243;][\/vc_column][\/vc_row][vc_row gap=&#8221;10&#8243; content_placement=&#8221;top&#8221; css=&#8221;.vc_custom_1565058757510{padding-top: 50px !important;padding-bottom: 85px !important;}&#8221;][vc_column width=&#8221;1\/3&#8243; offset=&#8221;vc_col-lg-offset-0 vc_col-md-offset-0 vc_col-sm-offset-0&#8243;]<div id=\"ultimate-heading-935569fb374ae34a9\" class=\"uvc-heading ult-adjust-bottom-margin ultimate-heading-935569fb374ae34a9 uvc-5831 \" data-hspacer=\"no_spacer\"  data-halign=\"right\" style=\"text-align:right\"><div class=\"uvc-heading-spacer no_spacer\" style=\"top\"><\/div><div class=\"uvc-main-heading ult-responsive\"  data-ultimate-target='.uvc-heading.ultimate-heading-935569fb374ae34a9 h2'  data-responsive-json-new='{\"font-size\":\"desktop:35px;\",\"line-height\":\"desktop:60px;\"}' ><h2 style=\"font-weight:normal;\">Testemunhos<\/h2><\/div><\/div>[\/vc_column][vc_column width=&#8221;2\/3&#8243;][vc_row_inner][vc_column_inner width=&#8221;1\/2&#8243;][apress_testimonial authorimage=&#8221;408&#8243; by=&#8221;Fabiana Scharfmann&#8221; designation=&#8221;&#8221; data_animation=&#8221;fadeInUp&#8221; data_delay=&#8221;300&#8243; testimonialstyle=&#8221;testimonials_style1&#8243;]O laborat\u00f3rio me conquistou pela excel\u00eancia e qualidade dos trabalhos e pela disponibilidade de todos no laborat\u00f3rio. S\u00e3o muito profissionais respeitando prazos e primando sempre pela qualidade. Conquistaram minha confian\u00e7a.[\/apress_testimonial][apress_testimonial authorimage=&#8221;409&#8243; by=&#8221;Vitor Franco&#8221; designation=&#8221;&#8221; data_animation=&#8221;fadeInUp&#8221; data_delay=&#8221;600&#8243; testimonialstyle=&#8221;testimonials_style1&#8243;]S\u00e3o muitos anos de parceria , sempre com qualidade e pontualidade, destacando as discuss\u00f5es de casos cl\u00ednicos , quando necess\u00e1rio, na busca das melhores solu\u00e7\u00f5es.[\/apress_testimonial][apress_testimonial authorimage=&#8221;408&#8243; by=&#8221;Erica Lorrete&#8221; designation=&#8221;&#8221; data_animation=&#8221;fadeInUp&#8221; data_delay=&#8221;300&#8243; testimonialstyle=&#8221;testimonials_style1&#8243;]Atenciosos, talentosos, profissionais que interagem em busca de um resultado excelente![\/apress_testimonial][apress_testimonial by=&#8221;Amando Barbosa&#8221; designation=&#8221;&#8221; testimonialstyle=&#8221;testimonials_style1&#8243;]Acho que as palavra mais adequadas para definir o laborat\u00f3rio Kurdian s\u00e3o compromisso e confian\u00e7a.[\/apress_testimonial][apress_testimonial by=&#8221;Cristina Leite&#8221; designation=&#8221;&#8221; testimonialstyle=&#8221;testimonials_style1&#8243;]Pontualidade, confian\u00e7a, qualidade e honestidade.[\/apress_testimonial][apress_testimonial by=&#8221;Luiz Edmundo Nunes Pereira da Silva&#8221; designation=&#8221;&#8221; testimonialstyle=&#8221;testimonials_style1&#8243;]A rela\u00e7\u00e3o que tenho com o Laborat\u00f3rio Kurdian e seus funcion\u00e1rios \u00e9 pautada em total confian\u00e7a. \u00c9 uma parceria de muitos anos prezada pela alt\u00edssima qualidade dos servi\u00e7os prestados e com o compromisso em oferecer o que h\u00e1 de melhor e mais avan\u00e7ado na Odontologia. Obrigado por contribuir e possibilitar com o sucesso da minha profiss\u00e3o.[\/apress_testimonial][apress_testimonial by=&#8221;Edith Brand\u00e3o&#8221; designation=&#8221;&#8221; testimonialstyle=&#8221;testimonials_style1&#8243;]S\u00f3 deixei de ter problemas de entrega e qualidade de trabalhos, ap\u00f3s trabalhar com o laborat\u00f3rio Kurdian e estou supersatisfeita.[\/apress_testimonial][\/vc_column_inner][vc_column_inner width=&#8221;1\/2&#8243;][apress_testimonial authorimage=&#8221;409&#8243; by=&#8221;Isabelle Montano&#8221; designation=&#8221;&#8221; data_animation=&#8221;fadeInUp&#8221; data_delay=&#8221;600&#8243; testimonialstyle=&#8221;testimonials_style1&#8243;]A \u00fanica maneira de fazer um bom trabalho \u00e9 amando o que faz. Encontrei nos trabalhos do Laborat\u00f3rio Kurdian o capricho de quem ama Pr\u00f3tese Dent\u00e1ria assim como eu. Preocupados com um bom resultado, s\u00e3o criteriosos em todas as etapas, o que nos garante a tranquilidade de saber que dar\u00e1 tudo certo![\/apress_testimonial][apress_testimonial authorimage=&#8221;408&#8243; by=&#8221;Sarah Salloum&#8221; designation=&#8221;&#8221; data_animation=&#8221;fadeInUp&#8221; data_delay=&#8221;300&#8243; testimonialstyle=&#8221;testimonials_style1&#8243;]Efici\u00eancia e perfei\u00e7\u00e3o , \u00e9 assim que qualifico o laborat\u00f3rio Kurdian.[\/apress_testimonial][apress_testimonial authorimage=&#8221;409&#8243; by=&#8221;Alfredo Teixeira&#8221; designation=&#8221;&#8221; data_animation=&#8221;fadeInUp&#8221; data_delay=&#8221;600&#8243; testimonialstyle=&#8221;testimonials_style1&#8243;]Confian\u00e7a, comprometimento e profissionalismo, desde que comecei a trabalhar com voc\u00eas n\u00e3o tive problemas![\/apress_testimonial][apress_testimonial by=&#8221;Florinda Moledo&#8221; designation=&#8221;&#8221; testimonialstyle=&#8221;testimonials_style1&#8243;]Trabalho h\u00e1 muito tempo com o Laborat\u00f3rio Kurdian porque ele oferece uma \u00f3tima qualidade de servi\u00e7o e sempre entrega os pedidos no prazo. Com isso, tenho tranquilidade para trabalhar.[\/apress_testimonial][apress_testimonial by=&#8221;Spencer Mendes&#8221; designation=&#8221;&#8221; testimonialstyle=&#8221;testimonials_style1&#8243;]N\u00f3s dentistas vivemos sempre \u00e0s voltas com a necessidade de encontrar um laborat\u00f3rio de pr\u00f3tese que atenda as nossas expectativas. Estou satisfeito com o Laborat\u00f3rio Kurdian. \u00c9 organizado, a qualidade \u00e9 boa, s\u00e3o pontuais, os pre\u00e7os s\u00e3o justos e a propriet\u00e1ria est\u00e1 sempre disposta a procurar a melhor maneira de alcan\u00e7armos nosso principal objetivo, que \u00e9 a satisfa\u00e7\u00e3o do paciente.[\/apress_testimonial][apress_testimonial by=&#8221;Luis Eduardo Buffoni&#8221; designation=&#8221;&#8221; testimonialstyle=&#8221;testimonials_style1&#8243;]Grande qualidade nos servi\u00e7os e pontualidade na entrega. \u00d3timo relacionamento com o cliente e \u00f3timo acesso \u00e0s informa\u00e7\u00f5es e troca de conhecimentos t\u00e9cnicos.[\/apress_testimonial][\/vc_column_inner][\/vc_row_inner][\/vc_column][\/vc_row]<\/p>\n","protected":false},"excerpt":{"rendered":"<p>[vc_row bg_type=&#8221;image&#8221; parallax_style=&#8221;vcpb-vz-jquery&#8221; bg_image_new=&#8221;id^2014|url^http:\/\/157.245.12.223\/wp-content\/uploads\/2019\/09\/Depositphotos_295167458_l-2015.jpg|caption^Denture. Dental case for storage of finished dentures. Production of dental crowns on a digital 3 D printer. Dental modeling. Dentistry.|alt^servi\u00e7os e produtos do laborat\u00f3rio de pr\u00f3tese kurdian|title^pr\u00f3tese-dental-kurdian|description^null&#8221; bg_image_repeat=&#8221;no-repeat&#8221; parallax_sense=&#8221;30&#8243; bg_override=&#8221;ex-full&#8221; parallax_content=&#8221;parallax_content_value&#8221; css=&#8221;.vc_custom_1568253753593{padding-top: 250px !important;padding-bottom: 250px !important;}&#8221;][vc_column][\/vc_column][\/vc_row][vc_row<span class=\"read_more_area\"><a class=\"read-more\" href=\"https:\/\/kurdian.com.br\/index.php\/sobre-nos\/\"> Continue Lendo <\/a><\/span><\/p>\n","protected":false},"author":1,"featured_media":0,"parent":0,"menu_order":0,"comment_status":"closed","ping_status":"closed","template":"","meta":{"footnotes":""},"class_list":["post-1397","page","type-page","status-publish","hentry"],"_links":{"self":[{"href":"https:\/\/kurdian.com.br\/index.php\/wp-json\/wp\/v2\/pages\/1397","targetHints":{"allow":["GET"]}}],"collection":[{"href":"https:\/\/kurdian.com.br\/index.php\/wp-json\/wp\/v2\/pages"}],"about":[{"href":"https:\/\/kurdian.com.br\/index.php\/wp-json\/wp\/v2\/types\/page"}],"author":[{"embeddable":true,"href":"https:\/\/kurdian.com.br\/index.php\/wp-json\/wp\/v2\/users\/1"}],"replies":[{"embeddable":true,"href":"https:\/\/kurdian.com.br\/index.php\/wp-json\/wp\/v2\/comments?post=1397"}],"version-history":[{"count":0,"href":"https:\/\/kurdian.com.br\/index.php\/wp-json\/wp\/v2\/pages\/1397\/revisions"}],"wp:attachment":[{"href":"https:\/\/kurdian.com.br\/index.php\/wp-json\/wp\/v2\/media?parent=1397"}],"curies":[{"name":"wp","href":"https:\/\/api.w.org\/{rel}","templated":true}]}}