{"id":1709,"date":"2019-08-06T00:05:53","date_gmt":"2019-08-06T03:05:53","guid":{"rendered":"http:\/\/157.245.12.223\/?page_id=1709"},"modified":"2019-08-06T00:05:53","modified_gmt":"2019-08-06T03:05:53","slug":"tecnologia","status":"publish","type":"page","link":"https:\/\/kurdian.com.br\/index.php\/tecnologia\/","title":{"rendered":"Tecnologia"},"content":{"rendered":"<p>[vc_row][vc_column width=&#8221;1\/3&#8243;][vc_single_image image=&#8221;1897&#8243; img_size=&#8221;medium&#8221; alignment=&#8221;center&#8221; css=&#8221;.vc_custom_1566312845886{padding-top: 45px !important;}&#8221;][\/vc_column][vc_column width=&#8221;1\/2&#8243;][vc_column_text]<\/p>\n<p style=\"text-align: justify;\"><strong>Impressora 3D<br \/>\n<\/strong>Trabalhamos com a Moonray, uma impressora 3D de alt\u00edssima resolu\u00e7\u00e3o que agrega precis\u00e3o e confiabilidade a qualquer trabalho prot\u00e9tico, inclusive aos mais elaborados detalhes.<\/p>\n<p>[\/vc_column_text][\/vc_column][vc_column width=&#8221;1\/6&#8243;][\/vc_column][\/vc_row][vc_row][vc_column width=&#8221;1\/3&#8243;][vc_single_image image=&#8221;2064&#8243; img_size=&#8221;medium&#8221; alignment=&#8221;center&#8221; css=&#8221;.vc_custom_1618708015549{padding-top: 45px !important;}&#8221;][\/vc_column][vc_column width=&#8221;1\/2&#8243;][vc_column_text]<\/p>\n<p style=\"text-align: justify;\"><strong>Fresadora e Scanner<br \/>\n<\/strong>Possu\u00edmos um dos mais inovadores CAD\/CAM dispon\u00edveis no mercado, a Fresadora Motion II e o scanner Ceramill MAP 400 de alta resolu\u00e7\u00e3o da Amann Girrbach e seus sens\u00edveis sensores 3D que geram imagens muito precisas de preparos e modelos. O modelo do paciente \u00e9 transformado em uma imagem fiel na tela do computador. Al\u00e9m disso, esse equipamento faz a leitura de registro de mordida, gengiva artificial e enceramento preciso de preparos e modelos. O modelo do paciente \u00e9 transformado em uma imagem fiel na tela do computador. Al\u00e9m disso, esse equipamento faz a leitura de registro de mordida, gengiva artificial e enceramento<\/p>\n<p>[\/vc_column_text][\/vc_column][vc_column width=&#8221;1\/6&#8243;][\/vc_column][\/vc_row][vc_row][vc_column width=&#8221;1\/3&#8243;][vc_single_image image=&#8221;1896&#8243; img_size=&#8221;medium&#8221; alignment=&#8221;center&#8221; css=&#8221;.vc_custom_1566312888932{padding-top: 45px !important;}&#8221;][\/vc_column][vc_column width=&#8221;1\/2&#8243;][vc_column_text]<\/p>\n<p style=\"text-align: justify;\"><strong>Fundi\u00e7\u00e3o<br \/>\n<\/strong>Nossas fundi\u00e7\u00f5es s\u00e3o realizadas em centr\u00edfuga por indu\u00e7\u00e3o, proporcionando homogeneidade, alta qualidade e maior biocompatibilidade. Campos magn\u00e9ticos de alta frequ\u00eancia que induzidos no metal, provocam seu aquecimento e consequente fus\u00e3o. O campo magn\u00e9tico promove uma forte agita\u00e7\u00e3o no metal fundido, homogeneizando a liga e melhorando suas caracter\u00edsticas metal\u00fargicas. O aquecimento por indu\u00e7\u00e3o \u00e9 limpo, minimizando a forma\u00e7\u00e3o de \u00f3xidos e eliminando a absor\u00e7\u00e3o de carbono, comumente verificado com a utiliza\u00e7\u00e3o de ma\u00e7aricos. Permite um total controle da fundi\u00e7\u00e3o garantindo a repetibilidade dos resultados independente do operador.<\/p>\n<p>[\/vc_column_text][\/vc_column][vc_column width=&#8221;1\/6&#8243;][\/vc_column][\/vc_row][vc_row][vc_column width=&#8221;1\/3&#8243;][vc_single_image image=&#8221;2059&#8243; img_size=&#8221;medium&#8221; alignment=&#8221;center&#8221; css=&#8221;.vc_custom_1618706134336{padding-top: 45px !important;}&#8221;][\/vc_column][vc_column width=&#8221;1\/2&#8243;][vc_column_text]<\/p>\n<p style=\"text-align: justify;\"><strong>Dosador de Gesso e \u00c1gua<\/strong><\/p>\n<p>A dosagem correta para a mistura do gesso e \u00e1gua \u00e9 fundamental para a precis\u00e3o do processo de troqueliza\u00e7\u00e3o, proporcionanado alta adapta\u00e7\u00e3o.<\/p>\n<p>O Smartbox X2 garante precis\u00e3o de propor\u00e7\u00e3o constante da massa misturada no laborat\u00f3rio Kurdian.[\/vc_column_text][\/vc_column][vc_column width=&#8221;1\/6&#8243;][\/vc_column][\/vc_row][vc_row][vc_column width=&#8221;1\/3&#8243;][vc_single_image image=&#8221;1985&#8243; img_size=&#8221;medium&#8221; alignment=&#8221;center&#8221; css=&#8221;.vc_custom_1566962342761{padding-top: 45px !important;}&#8221;][\/vc_column][vc_column width=&#8221;1\/2&#8243;][vc_column_text]<\/p>\n<p style=\"text-align: justify;\"><strong>T\u00e9rmino de Preparo<br \/>\n<\/strong>Todos os t\u00e9rminos s\u00e3o feitos com apoio de microsc\u00f3pios.<br \/>\nEstereomicrosc\u00f3pio Binocular Focus \u2013 Z45<br \/>\n\u2022 Sistema de aumento progressivo (7 a 45x).<br \/>\n\u2022 Ideal para avalia\u00e7\u00e3o de moldagens e preparos.<br \/>\n\u2022 Proporciona exatid\u00e3o para delimitar as margens do troquel.<br \/>\n\u2022 Maior precis\u00e3o no ajuste cervical de coroas cer\u00e2micas e adapta\u00e7\u00e3o de componentes sobre implante.<\/p>\n<p>[\/vc_column_text][\/vc_column][vc_column width=&#8221;1\/6&#8243;][\/vc_column][\/vc_row][vc_row][vc_column width=&#8221;1\/3&#8243;][vc_single_image image=&#8221;1949&#8243; img_size=&#8221;medium&#8221; alignment=&#8221;center&#8221; css=&#8221;.vc_custom_1566312903691{padding-top: 45px !important;}&#8221;][\/vc_column][vc_column width=&#8221;1\/2&#8243;][vc_column_text]<\/p>\n<p style=\"text-align: justify;\"><strong>Recortador de Gesso a Seco<br \/>\n<\/strong>Nossos modelos passam apenas por recortadores de gesso a seco, isso evita absor\u00e7\u00e3o de \u00e1gua e consequente perda de precis\u00e3o.<\/p>\n<p>[\/vc_column_text][\/vc_column][vc_column width=&#8221;1\/6&#8243;][\/vc_column][\/vc_row]<\/p>\n","protected":false},"excerpt":{"rendered":"<p>[vc_row][vc_column width=&#8221;1\/3&#8243;][vc_single_image image=&#8221;1897&#8243; img_size=&#8221;medium&#8221; alignment=&#8221;center&#8221; css=&#8221;.vc_custom_1566312845886{padding-top: 45px !important;}&#8221;][\/vc_column][vc_column width=&#8221;1\/2&#8243;][vc_column_text] Impressora 3D Trabalhamos com a Moonray, uma impressora 3D de alt\u00edssima resolu\u00e7\u00e3o que agrega precis\u00e3o e confiabilidade a qualquer trabalho prot\u00e9tico, inclusive aos mais elaborados detalhes. [\/vc_column_text][\/vc_column][vc_column width=&#8221;1\/6&#8243;][\/vc_column][\/vc_row][vc_row][vc_column width=&#8221;1\/3&#8243;][vc_single_image image=&#8221;2064&#8243; img_size=&#8221;medium&#8221;<span class=\"read_more_area\"><a class=\"read-more\" href=\"https:\/\/kurdian.com.br\/index.php\/tecnologia\/\"> Continue Lendo <\/a><\/span><\/p>\n","protected":false},"author":1,"featured_media":0,"parent":0,"menu_order":0,"comment_status":"closed","ping_status":"closed","template":"","meta":{"footnotes":""},"class_list":["post-1709","page","type-page","status-publish","hentry"],"_links":{"self":[{"href":"https:\/\/kurdian.com.br\/index.php\/wp-json\/wp\/v2\/pages\/1709","targetHints":{"allow":["GET"]}}],"collection":[{"href":"https:\/\/kurdian.com.br\/index.php\/wp-json\/wp\/v2\/pages"}],"about":[{"href":"https:\/\/kurdian.com.br\/index.php\/wp-json\/wp\/v2\/types\/page"}],"author":[{"embeddable":true,"href":"https:\/\/kurdian.com.br\/index.php\/wp-json\/wp\/v2\/users\/1"}],"replies":[{"embeddable":true,"href":"https:\/\/kurdian.com.br\/index.php\/wp-json\/wp\/v2\/comments?post=1709"}],"version-history":[{"count":0,"href":"https:\/\/kurdian.com.br\/index.php\/wp-json\/wp\/v2\/pages\/1709\/revisions"}],"wp:attachment":[{"href":"https:\/\/kurdian.com.br\/index.php\/wp-json\/wp\/v2\/media?parent=1709"}],"curies":[{"name":"wp","href":"https:\/\/api.w.org\/{rel}","templated":true}]}}