{"id":1719,"date":"2019-08-06T00:22:06","date_gmt":"2019-08-06T03:22:06","guid":{"rendered":"http:\/\/157.245.12.223\/?page_id=1719"},"modified":"2022-11-16T02:48:12","modified_gmt":"2022-11-16T05:48:12","slug":"livre-de-metal","status":"publish","type":"page","link":"https:\/\/kurdian.com.br\/index.php\/livre-de-metal\/","title":{"rendered":"Livre de Metal"},"content":{"rendered":"<p>[vc_row][vc_column][vc_column_text]<\/p>\n<p style=\"text-align: justify;\">Vasta gama de solu\u00e7\u00f5es livres de metal de alta qualidade, excelente est\u00e9tica, com diferentes n\u00edveis de translucidez e que contemplam as principais demandas dos profissionais.<\/p>\n<p>[\/vc_column_text][\/vc_column][\/vc_row][vc_row][vc_column width=&#8221;1\/3&#8243;][vc_single_image image=&#8221;1933&#8243; img_size=&#8221;full&#8221; alignment=&#8221;center&#8221; css=&#8221;.vc_custom_1566312493608{padding-top: 45px !important;}&#8221;][\/vc_column][vc_column width=&#8221;1\/2&#8243;][vc_column_text]<\/p>\n<p style=\"text-align: justify;\"><strong>IPS e.max<br \/>\n<\/strong>Nosso sistema e insumos s\u00e3o originais. Os produtos sempre ter\u00e3o o selo e-max.<br \/>\n&#8211; bloco, faceta, coroa e ponte (maquiados)<br \/>\n&#8211; lente de contato<br \/>\n&#8211; coroa e ponte e-max estratificada<br \/>\nAs pastilhas IPS e.max Press s\u00e3o constitu\u00eddas de cer\u00e2mica v\u00edtrea e dissilicato de l\u00edtio para a t\u00e9cnica de inje\u00e7\u00e3o, com resist\u00eancia de 400 MPa. Esse material tem 4 op\u00e7\u00f5es de translucidez e 16 tons A-D e 4 tons Bleach BL. As novas pastilhas Impulse est\u00e3o dispon\u00edveis em 3 tonalidades e valor (1, 2 e 3) e 2 opacidades (Opal 1 e 2). Al\u00e9m disso, as pe\u00e7as confeccionadas com essas pastilhas podem ser caracterizadas, resultando em uma apar\u00eancia quase real, independente do tom das prepara\u00e7\u00f5es.<br \/>\nVantagens:<br \/>\n\u00b7 Alta resist\u00eancia e alta est\u00e9tica<br \/>\n\u00b7 Eficiente: indicada para casos anteriores e posteriores<br \/>\n\u00b7 Permite restaura\u00e7\u00f5es minimamente invasivas<br \/>\n\u00b7 Quatro n\u00edveis de translucidez<br \/>\n\u00b7 Cimenta\u00e7\u00e3o adesiva, autoadesiva ou convencional<br \/>\nIndica\u00e7\u00f5es:<br \/>\n\u00b7 Restaura\u00e7\u00f5es unit\u00e1rias<br \/>\n\u00b7 Pontes para as regi\u00f5es anterior e de pr\u00e9-molares<br \/>\n\u00b7 Superestruturas implantadas<br \/>\n\u00b7 Incrusta\u00e7\u00f5es<br \/>\n\u00b7 Onlays minimamente invasivos (1 mm)<br \/>\n\u00b7 Folheados finos (0,3 mm)<\/p>\n<p>[\/vc_column_text][\/vc_column][vc_column width=&#8221;1\/6&#8243;][\/vc_column][\/vc_row][vc_row][vc_column width=&#8221;1\/3&#8243;][vc_single_image image=&#8221;1722&#8243; img_size=&#8221;full&#8221; alignment=&#8221;center&#8221; css=&#8221;.vc_custom_1566312512751{padding-top: 45px !important;}&#8221;][\/vc_column][vc_column width=&#8221;1\/2&#8243;][vc_column_text]<\/p>\n<p style=\"text-align: justify;\"><strong>IPS e.max Ceram<br \/>\n<\/strong>IPS e.max Ceram \u00e9 um material cer\u00e2mico de recobrimento extremamente est\u00e9tico que pode ser usado com toda a linha de solu\u00e7\u00f5es IPS e.max. Possibilita a cria\u00e7\u00e3o de resultados similares aos dentes naturais gra\u00e7as ao comportamento de dispers\u00e3o de luz e a rela\u00e7\u00e3o balanceada entre brilho e croma. Esse material foi desenvolvido para aplica\u00e7\u00e3o (estratifica\u00e7\u00e3o) tanto em estruturas de dissilicato de l\u00edtio quanto de zirc\u00f4nia.<br \/>\nUne a vantagem da perfeita correspond\u00eancia de cores com a simplicidade de um diagrama universal de estratifica\u00e7\u00e3o. As cer\u00e2micas e.max Ceram est\u00e3o dispon\u00edveis na escala Vita Classical das cores A a D, al\u00e9m de 4 cores para dentes clareados \u2013 Bleach, Ivoclar Vivadent.<br \/>\nVantagens:<br \/>\n\u00b7 Alta resist\u00eancia<br \/>\n\u00b7 Cimenta\u00e7\u00e3o adesiva, autoadesiva ou convencional<br \/>\n\u00b7 Composi\u00e7\u00e3o de nano-fluorapatita, que resulta em propriedades altamente est\u00e9ticas<br \/>\n\u00b7 Compatibilidade de tons<br \/>\n\u00b7 Excelente comportamento cl\u00ednico: menor desgaste<br \/>\ncom alta longevidade do brilho superficial<br \/>\nIndica\u00e7\u00f5es:<br \/>\n\u00b7 Caracteriza\u00e7\u00e3o e recobrimento de restaura\u00e7\u00f5es IPS e.max (Press, ZirPress, CAD, ZirCad)<br \/>\n\u00b7 Laminados<\/p>\n<p>[\/vc_column_text][\/vc_column][vc_column width=&#8221;1\/6&#8243;][\/vc_column][\/vc_row][vc_row][vc_column width=&#8221;1\/3&#8243;][vc_single_image image=&#8221;1724&#8243; img_size=&#8221;full&#8221; alignment=&#8221;center&#8221; css=&#8221;.vc_custom_1566312533890{padding-top: 45px !important;}&#8221;][\/vc_column][vc_column width=&#8221;1\/2&#8243;][vc_column_text]<\/p>\n<p style=\"text-align: justify;\"><strong>Lentes de Contato<br \/>\n<\/strong>As lentes de contato s\u00e3o estruturas de cer\u00e2mica que apresentam o potencial de transformar tons e formatos dos dentes; de acordo com o caso, pode se dispensar o preparo dental e confeccionar pe\u00e7as fin\u00edssimas, realizar um leve desgaste na estrutura dental e confeccionar pe\u00e7as delgadas ou ainda um desgaste mais acentuado e confeccionar lentes mais espessas. Elas podem ser produzidas em diversos materiais, tanto no processamento computadorizado CAD\/CAM, quanto nas t\u00e9cnicas convencionais, que imitam com perfei\u00e7\u00e3o os diferentes tons e n\u00edveis de translucidez dos dentes naturais sem perder a funcionalidade e a resist\u00eancia. \u00c9 um tratamento muito procurado atualmente por sua facilidade, rapidez e resultados est\u00e9ticos surpreendentes.<\/p>\n<p>[\/vc_column_text][\/vc_column][vc_column width=&#8221;1\/6&#8243;][\/vc_column][\/vc_row][vc_row][vc_column width=&#8221;1\/3&#8243;][vc_single_image image=&#8221;1721&#8243; img_size=&#8221;full&#8221; alignment=&#8221;center&#8221; css=&#8221;.vc_custom_1566312546029{padding-top: 45px !important;}&#8221;][vc_single_image image=&#8221;1720&#8243; img_size=&#8221;full&#8221; alignment=&#8221;center&#8221;][\/vc_column][vc_column width=&#8221;1\/2&#8243;][vc_column_text]<\/p>\n<p style=\"text-align: justify;\"><strong>Zirc\u00f4nia<\/strong><br \/>\n\u2022 Diversas op\u00e7\u00f5es de translucidez<br \/>\n\u2022 Resist\u00eancia inigual\u00e1vel (at\u00e9 1.400 MPa)<br \/>\n\u2022 Possibilidade de caracteriza\u00e7\u00e3o para resultados est\u00e9ticos ainda melhores<br \/>\n\u2022 Ideal para regi\u00e3o anterior e posterior<br \/>\nIndica\u00e7\u00f5es:<br \/>\n\u2022 Pontes anteriores e posteriores<br \/>\n\u2022 Coroas anteriores e posteriores<br \/>\n\u2022 Infraestruturas de pontes anteriores e posteriores<br \/>\n\u2022 Coroas telesc\u00f3picas<\/p>\n<p>[\/vc_column_text][\/vc_column][vc_column width=&#8221;1\/6&#8243;][\/vc_column][\/vc_row][vc_row][vc_column width=&#8221;1\/3&#8243;][vc_single_image image=&#8221;2009&#8243; img_size=&#8221;full&#8221; alignment=&#8221;center&#8221; css=&#8221;.vc_custom_1568068455115{padding-top: 45px !important;}&#8221;][\/vc_column][vc_column width=&#8221;1\/2&#8243;][vc_column_text]<\/p>\n<p style=\"text-align: justify;\"><strong>Cer\u00f4mero<br \/>\n<\/strong>Os cer\u00f4meros utilizam resinas polimerizadas com carga cer\u00e2mica, unindo as vantagens das porcelanas utilizadas nos sistemas cer\u00e2micos com a praticidade das resinas compostas. \u00c9 um composto de vidro cer\u00e2mico, altamente resistente \u00e0 abras\u00e3o, propriedades est\u00e9ticas e caracter\u00edsticas semelhantes \u00e0s cer\u00e2micas podem ser obtidas e muito pr\u00f3ximas das propriedades do dente natural. Utilizamos os produtos Heraeus Kulzer \u2013 linha Signum.<\/p>\n<p>[\/vc_column_text][vc_single_image image=&#8221;1642&#8243; img_size=&#8221;full&#8221; alignment=&#8221;center&#8221;][\/vc_column][vc_column width=&#8221;1\/6&#8243;][\/vc_column][\/vc_row]<\/p>\n","protected":false},"excerpt":{"rendered":"<p>[vc_row][vc_column][vc_column_text] Vasta gama de solu\u00e7\u00f5es livres de metal de alta qualidade, excelente est\u00e9tica, com diferentes n\u00edveis de translucidez e que contemplam as principais demandas dos profissionais. [\/vc_column_text][\/vc_column][\/vc_row][vc_row][vc_column width=&#8221;1\/3&#8243;][vc_single_image image=&#8221;1933&#8243; img_size=&#8221;full&#8221; alignment=&#8221;center&#8221; css=&#8221;.vc_custom_1566312493608{padding-top: 45px !important;}&#8221;][\/vc_column][vc_column width=&#8221;1\/2&#8243;][vc_column_text] IPS e.max Nosso sistema e<span class=\"read_more_area\"><a class=\"read-more\" href=\"https:\/\/kurdian.com.br\/index.php\/livre-de-metal\/\"> Continue Lendo <\/a><\/span><\/p>\n","protected":false},"author":1,"featured_media":0,"parent":0,"menu_order":0,"comment_status":"closed","ping_status":"closed","template":"","meta":{"footnotes":""},"class_list":["post-1719","page","type-page","status-publish","hentry"],"_links":{"self":[{"href":"https:\/\/kurdian.com.br\/index.php\/wp-json\/wp\/v2\/pages\/1719","targetHints":{"allow":["GET"]}}],"collection":[{"href":"https:\/\/kurdian.com.br\/index.php\/wp-json\/wp\/v2\/pages"}],"about":[{"href":"https:\/\/kurdian.com.br\/index.php\/wp-json\/wp\/v2\/types\/page"}],"author":[{"embeddable":true,"href":"https:\/\/kurdian.com.br\/index.php\/wp-json\/wp\/v2\/users\/1"}],"replies":[{"embeddable":true,"href":"https:\/\/kurdian.com.br\/index.php\/wp-json\/wp\/v2\/comments?post=1719"}],"version-history":[{"count":1,"href":"https:\/\/kurdian.com.br\/index.php\/wp-json\/wp\/v2\/pages\/1719\/revisions"}],"predecessor-version":[{"id":2204,"href":"https:\/\/kurdian.com.br\/index.php\/wp-json\/wp\/v2\/pages\/1719\/revisions\/2204"}],"wp:attachment":[{"href":"https:\/\/kurdian.com.br\/index.php\/wp-json\/wp\/v2\/media?parent=1719"}],"curies":[{"name":"wp","href":"https:\/\/api.w.org\/{rel}","templated":true}]}}