{"id":1746,"date":"2019-08-06T00:45:11","date_gmt":"2019-08-06T03:45:11","guid":{"rendered":"http:\/\/157.245.12.223\/?page_id=1746"},"modified":"2019-08-06T00:45:11","modified_gmt":"2019-08-06T03:45:11","slug":"metalo-ceramica","status":"publish","type":"page","link":"https:\/\/kurdian.com.br\/index.php\/metalo-ceramica\/","title":{"rendered":"M\u00e9talo-Cer\u00e2mica"},"content":{"rendered":"<p>[vc_row][vc_column width=&#8221;1\/3&#8243;][vc_single_image image=&#8221;1726&#8243; img_size=&#8221;full&#8221; alignment=&#8221;center&#8221; css=&#8221;.vc_custom_1566312454037{padding-top: 45px !important;}&#8221;][\/vc_column][vc_column width=&#8221;1\/2&#8243;][vc_column_text]<\/p>\n<p style=\"text-align: justify;\"><strong>M\u00e9talo-Cer\u00e2mica<br \/>\n<\/strong>A associa\u00e7\u00e3o de estruturas met\u00e1licas a porcelanas odontol\u00f3gicas \u00e9 uma op\u00e7\u00e3o segura e com resultados<br \/>\nest\u00e9ticos satisfat\u00f3rios. Al\u00e9m de oferecer um bom custo benef\u00edcio, o desenvolvimento de novas ligas met\u00e1licas e de novos materiais cer\u00e2micos melhorou expressivamente a biocompatibilidade e o resultado est\u00e9tico final dessas pr\u00f3teses.<\/p>\n<p>[\/vc_column_text][\/vc_column][vc_column width=&#8221;1\/6&#8243;][\/vc_column][\/vc_row]<\/p>\n","protected":false},"excerpt":{"rendered":"<p>[vc_row][vc_column width=&#8221;1\/3&#8243;][vc_single_image image=&#8221;1726&#8243; img_size=&#8221;full&#8221; alignment=&#8221;center&#8221; css=&#8221;.vc_custom_1566312454037{padding-top: 45px !important;}&#8221;][\/vc_column][vc_column width=&#8221;1\/2&#8243;][vc_column_text] M\u00e9talo-Cer\u00e2mica A associa\u00e7\u00e3o de estruturas met\u00e1licas a porcelanas odontol\u00f3gicas \u00e9 uma op\u00e7\u00e3o segura e com resultados est\u00e9ticos satisfat\u00f3rios. Al\u00e9m de oferecer um bom custo benef\u00edcio, o desenvolvimento de novas ligas met\u00e1licas<span class=\"read_more_area\"><a class=\"read-more\" href=\"https:\/\/kurdian.com.br\/index.php\/metalo-ceramica\/\"> Continue Lendo <\/a><\/span><\/p>\n","protected":false},"author":1,"featured_media":0,"parent":0,"menu_order":0,"comment_status":"closed","ping_status":"closed","template":"","meta":{"footnotes":""},"class_list":["post-1746","page","type-page","status-publish","hentry"],"_links":{"self":[{"href":"https:\/\/kurdian.com.br\/index.php\/wp-json\/wp\/v2\/pages\/1746","targetHints":{"allow":["GET"]}}],"collection":[{"href":"https:\/\/kurdian.com.br\/index.php\/wp-json\/wp\/v2\/pages"}],"about":[{"href":"https:\/\/kurdian.com.br\/index.php\/wp-json\/wp\/v2\/types\/page"}],"author":[{"embeddable":true,"href":"https:\/\/kurdian.com.br\/index.php\/wp-json\/wp\/v2\/users\/1"}],"replies":[{"embeddable":true,"href":"https:\/\/kurdian.com.br\/index.php\/wp-json\/wp\/v2\/comments?post=1746"}],"version-history":[{"count":0,"href":"https:\/\/kurdian.com.br\/index.php\/wp-json\/wp\/v2\/pages\/1746\/revisions"}],"wp:attachment":[{"href":"https:\/\/kurdian.com.br\/index.php\/wp-json\/wp\/v2\/media?parent=1746"}],"curies":[{"name":"wp","href":"https:\/\/api.w.org\/{rel}","templated":true}]}}