{"id":1748,"date":"2019-08-06T00:47:30","date_gmt":"2019-08-06T03:47:30","guid":{"rendered":"http:\/\/157.245.12.223\/?page_id=1748"},"modified":"2019-08-06T00:47:30","modified_gmt":"2019-08-06T03:47:30","slug":"protese-sobre-implantes","status":"publish","type":"page","link":"https:\/\/kurdian.com.br\/index.php\/protese-sobre-implantes\/","title":{"rendered":"Pr\u00f3tese sobre Implantes"},"content":{"rendered":"<p>[vc_row][vc_column width=&#8221;1\/3&#8243;][vc_single_image image=&#8221;2020&#8243; img_size=&#8221;full&#8221; alignment=&#8221;center&#8221; css=&#8221;.vc_custom_1568295857395{padding-top: 45px !important;}&#8221;][vc_single_image image=&#8221;1723&#8243; img_size=&#8221;full&#8221; alignment=&#8221;center&#8221;][\/vc_column][vc_column width=&#8221;1\/2&#8243;][vc_column_text]<\/p>\n<p style=\"text-align: justify;\"><strong>Pr\u00f3tese sobre Implantes<br \/>\n<\/strong>A alta tecnologia \u00e9 fundamental para a produ\u00e7\u00e3o de pe\u00e7as naturais e precisas, \u00e9 poss\u00edvel fresar a barra met\u00e1lica por meio da tecnologia CAD\/CAM, resultando em mais precis\u00e3o para o tratamento. As infraestruturas podem ser feitas de metal ou zirc\u00f4nia.<\/p>\n<p>[\/vc_column_text][\/vc_column][vc_column width=&#8221;1\/6&#8243;][\/vc_column][\/vc_row]<\/p>\n","protected":false},"excerpt":{"rendered":"<p>[vc_row][vc_column width=&#8221;1\/3&#8243;][vc_single_image image=&#8221;2020&#8243; img_size=&#8221;full&#8221; alignment=&#8221;center&#8221; css=&#8221;.vc_custom_1568295857395{padding-top: 45px !important;}&#8221;][vc_single_image image=&#8221;1723&#8243; img_size=&#8221;full&#8221; alignment=&#8221;center&#8221;][\/vc_column][vc_column width=&#8221;1\/2&#8243;][vc_column_text] Pr\u00f3tese sobre Implantes A alta tecnologia \u00e9 fundamental para a produ\u00e7\u00e3o de pe\u00e7as naturais e precisas, \u00e9 poss\u00edvel fresar a barra met\u00e1lica por meio da tecnologia CAD\/CAM, resultando<span class=\"read_more_area\"><a class=\"read-more\" href=\"https:\/\/kurdian.com.br\/index.php\/protese-sobre-implantes\/\"> Continue Lendo <\/a><\/span><\/p>\n","protected":false},"author":1,"featured_media":0,"parent":0,"menu_order":0,"comment_status":"closed","ping_status":"closed","template":"","meta":{"footnotes":""},"class_list":["post-1748","page","type-page","status-publish","hentry"],"_links":{"self":[{"href":"https:\/\/kurdian.com.br\/index.php\/wp-json\/wp\/v2\/pages\/1748","targetHints":{"allow":["GET"]}}],"collection":[{"href":"https:\/\/kurdian.com.br\/index.php\/wp-json\/wp\/v2\/pages"}],"about":[{"href":"https:\/\/kurdian.com.br\/index.php\/wp-json\/wp\/v2\/types\/page"}],"author":[{"embeddable":true,"href":"https:\/\/kurdian.com.br\/index.php\/wp-json\/wp\/v2\/users\/1"}],"replies":[{"embeddable":true,"href":"https:\/\/kurdian.com.br\/index.php\/wp-json\/wp\/v2\/comments?post=1748"}],"version-history":[{"count":0,"href":"https:\/\/kurdian.com.br\/index.php\/wp-json\/wp\/v2\/pages\/1748\/revisions"}],"wp:attachment":[{"href":"https:\/\/kurdian.com.br\/index.php\/wp-json\/wp\/v2\/media?parent=1748"}],"curies":[{"name":"wp","href":"https:\/\/api.w.org\/{rel}","templated":true}]}}