{"id":1750,"date":"2019-08-06T00:49:29","date_gmt":"2019-08-06T03:49:29","guid":{"rendered":"http:\/\/157.245.12.223\/?page_id=1750"},"modified":"2019-08-06T00:49:29","modified_gmt":"2019-08-06T03:49:29","slug":"protocolo-em-resina-acrilica","status":"publish","type":"page","link":"https:\/\/kurdian.com.br\/index.php\/protocolo-em-resina-acrilica\/","title":{"rendered":"Protocolo em Resina Acr\u00edlica"},"content":{"rendered":"<p>[vc_row][vc_column width=&#8221;1\/3&#8243;][vc_single_image image=&#8221;1900&#8243; img_size=&#8221;full&#8221; alignment=&#8221;center&#8221; css=&#8221;.vc_custom_1566312632291{padding-top: 45px !important;}&#8221;][\/vc_column][vc_column width=&#8221;1\/2&#8243;][vc_column_text]<\/p>\n<p style=\"text-align: justify;\"><strong>Protocolo em Resina Acr\u00edlica<br \/>\n<\/strong>As pr\u00f3teses totais fixadas por implantes tamb\u00e9m podem ser confeccionadas em resina acr\u00edlica. Al\u00e9m de mais econ\u00f4micas, possuem algumas vantagens funcionais: os dentes em resina s\u00e3o mais leves e produzem<br \/>\nmenos ru\u00eddo ao se tocar durante a fala e a mastiga\u00e7\u00e3o quando comparado com os de cer\u00e2mica. Al\u00e9m disso, a resina acr\u00edlica permite reparos quando necess\u00e1rio. Os protocolos em resina acr\u00edlica tamb\u00e9m podem ser usados provisoriamente, antes da coloca\u00e7\u00e3o de um protocolo cer\u00e2mico. Essas pr\u00f3teses recebem<br \/>\ncaracteriza\u00e7\u00e3o e o resultado est\u00e9tico final \u00e9 excelente.<\/p>\n<p>[\/vc_column_text][\/vc_column][vc_column width=&#8221;1\/6&#8243;][\/vc_column][\/vc_row]<\/p>\n","protected":false},"excerpt":{"rendered":"<p>[vc_row][vc_column width=&#8221;1\/3&#8243;][vc_single_image image=&#8221;1900&#8243; img_size=&#8221;full&#8221; alignment=&#8221;center&#8221; css=&#8221;.vc_custom_1566312632291{padding-top: 45px !important;}&#8221;][\/vc_column][vc_column width=&#8221;1\/2&#8243;][vc_column_text] Protocolo em Resina Acr\u00edlica As pr\u00f3teses totais fixadas por implantes tamb\u00e9m podem ser confeccionadas em resina acr\u00edlica. Al\u00e9m de mais econ\u00f4micas, possuem algumas vantagens funcionais: os dentes em resina s\u00e3o mais<span class=\"read_more_area\"><a class=\"read-more\" href=\"https:\/\/kurdian.com.br\/index.php\/protocolo-em-resina-acrilica\/\"> Continue Lendo <\/a><\/span><\/p>\n","protected":false},"author":1,"featured_media":0,"parent":0,"menu_order":0,"comment_status":"closed","ping_status":"closed","template":"","meta":{"footnotes":""},"class_list":["post-1750","page","type-page","status-publish","hentry"],"_links":{"self":[{"href":"https:\/\/kurdian.com.br\/index.php\/wp-json\/wp\/v2\/pages\/1750","targetHints":{"allow":["GET"]}}],"collection":[{"href":"https:\/\/kurdian.com.br\/index.php\/wp-json\/wp\/v2\/pages"}],"about":[{"href":"https:\/\/kurdian.com.br\/index.php\/wp-json\/wp\/v2\/types\/page"}],"author":[{"embeddable":true,"href":"https:\/\/kurdian.com.br\/index.php\/wp-json\/wp\/v2\/users\/1"}],"replies":[{"embeddable":true,"href":"https:\/\/kurdian.com.br\/index.php\/wp-json\/wp\/v2\/comments?post=1750"}],"version-history":[{"count":0,"href":"https:\/\/kurdian.com.br\/index.php\/wp-json\/wp\/v2\/pages\/1750\/revisions"}],"wp:attachment":[{"href":"https:\/\/kurdian.com.br\/index.php\/wp-json\/wp\/v2\/media?parent=1750"}],"curies":[{"name":"wp","href":"https:\/\/api.w.org\/{rel}","templated":true}]}}