{"id":1752,"date":"2019-08-06T00:50:45","date_gmt":"2019-08-06T03:50:45","guid":{"rendered":"http:\/\/157.245.12.223\/?page_id=1752"},"modified":"2019-08-06T00:50:45","modified_gmt":"2019-08-06T03:50:45","slug":"placas","status":"publish","type":"page","link":"https:\/\/kurdian.com.br\/index.php\/placas\/","title":{"rendered":"Placas"},"content":{"rendered":"<p>[vc_row][vc_column width=&#8221;1\/3&#8243;][vc_single_image image=&#8221;1727&#8243; img_size=&#8221;full&#8221; alignment=&#8221;center&#8221; css=&#8221;.vc_custom_1566312607002{padding-top: 45px !important;}&#8221;][\/vc_column][vc_column width=&#8221;1\/2&#8243;][vc_column_text]<\/p>\n<p style=\"text-align: justify;\"><strong>Placas<br \/>\n<\/strong>Nossas solu\u00e7\u00f5es s\u00e3o de alta qualidade e ampla aplica\u00e7\u00e3o, contemplando placas oclusais, para:<br \/>\nBruxismo;<br \/>\nClareamento;<br \/>\nApneia e ronco;<br \/>\nProtetores esportivos.<\/p>\n<p>[\/vc_column_text][\/vc_column][vc_column width=&#8221;1\/6&#8243;][\/vc_column][\/vc_row]<\/p>\n","protected":false},"excerpt":{"rendered":"<p>[vc_row][vc_column width=&#8221;1\/3&#8243;][vc_single_image image=&#8221;1727&#8243; img_size=&#8221;full&#8221; alignment=&#8221;center&#8221; css=&#8221;.vc_custom_1566312607002{padding-top: 45px !important;}&#8221;][\/vc_column][vc_column width=&#8221;1\/2&#8243;][vc_column_text] Placas Nossas solu\u00e7\u00f5es s\u00e3o de alta qualidade e ampla aplica\u00e7\u00e3o, contemplando placas oclusais, para: Bruxismo; Clareamento; Apneia e ronco; Protetores esportivos. [\/vc_column_text][\/vc_column][vc_column width=&#8221;1\/6&#8243;][\/vc_column][\/vc_row]<\/p>\n","protected":false},"author":1,"featured_media":0,"parent":0,"menu_order":0,"comment_status":"closed","ping_status":"closed","template":"","meta":{"footnotes":""},"class_list":["post-1752","page","type-page","status-publish","hentry"],"_links":{"self":[{"href":"https:\/\/kurdian.com.br\/index.php\/wp-json\/wp\/v2\/pages\/1752","targetHints":{"allow":["GET"]}}],"collection":[{"href":"https:\/\/kurdian.com.br\/index.php\/wp-json\/wp\/v2\/pages"}],"about":[{"href":"https:\/\/kurdian.com.br\/index.php\/wp-json\/wp\/v2\/types\/page"}],"author":[{"embeddable":true,"href":"https:\/\/kurdian.com.br\/index.php\/wp-json\/wp\/v2\/users\/1"}],"replies":[{"embeddable":true,"href":"https:\/\/kurdian.com.br\/index.php\/wp-json\/wp\/v2\/comments?post=1752"}],"version-history":[{"count":0,"href":"https:\/\/kurdian.com.br\/index.php\/wp-json\/wp\/v2\/pages\/1752\/revisions"}],"wp:attachment":[{"href":"https:\/\/kurdian.com.br\/index.php\/wp-json\/wp\/v2\/media?parent=1752"}],"curies":[{"name":"wp","href":"https:\/\/api.w.org\/{rel}","templated":true}]}}