{"id":1771,"date":"2019-08-07T14:31:09","date_gmt":"2019-08-07T17:31:09","guid":{"rendered":"http:\/\/157.245.12.223\/?page_id=1771"},"modified":"2023-03-30T16:30:28","modified_gmt":"2023-03-30T19:30:28","slug":"inicio","status":"publish","type":"page","link":"https:\/\/kurdian.com.br\/","title":{"rendered":"Inicio"},"content":{"rendered":"<p>[vc_row css=&#8221;.vc_custom_1565900735939{padding-top: 0px !important;padding-right: 30px !important;padding-bottom: 40px !important;padding-left: 60px !important;}&#8221;][vc_column width=&#8221;1\/4&#8243; centered_text=&#8221;true&#8221;][apress_gradient_icon_box icon_alignment=&#8221;left&#8221; description=&#8221;&#8221; data_animation=&#8221;fadeInUp&#8221; data_delay=&#8221;300&#8243; icon_type=&#8221;image&#8221; icon_image=&#8221;2087&#8243; gradient_icon_size=&#8221;60&#8243; style=&#8221;iconbox_style1&#8243; title_font_options=&#8221;tag:h3|font_size:18|line_height:18&#8243; box_link=&#8221;|||&#8221;]Excelente<br \/>\nCusto Benef\u00edcio[\/apress_gradient_icon_box]<div class=\"ult-spacer spacer-69d41352e18bb\" data-id=\"69d41352e18bb\" data-height=\"\" data-height-mobile=\"50\" data-height-tab=\"\" data-height-tab-portrait=\"\" data-height-mobile-landscape=\"50\" style=\"clear:both;display:block;\"><\/div>[\/vc_column][vc_column width=&#8221;1\/4&#8243; centered_text=&#8221;true&#8221;][apress_gradient_icon_box icon_alignment=&#8221;left&#8221; description=&#8221;&#8221; data_animation=&#8221;fadeInUp&#8221; data_delay=&#8221;300&#8243; icon_type=&#8221;image&#8221; icon_image=&#8221;2084&#8243; gradient_icon_size=&#8221;60&#8243; style=&#8221;iconbox_style1&#8243; title_font_options=&#8221;tag:h3|font_size:18|line_height:18&#8243; box_link=&#8221;|||&#8221;]Acesso \u00e0 T\u00e9cnica<br \/>\nRespons\u00e1vel[\/apress_gradient_icon_box]<div class=\"ult-spacer spacer-69d41352e18f8\" data-id=\"69d41352e18f8\" data-height=\"\" data-height-mobile=\"50\" data-height-tab=\"\" data-height-tab-portrait=\"\" data-height-mobile-landscape=\"50\" style=\"clear:both;display:block;\"><\/div>[\/vc_column][vc_column width=&#8221;1\/4&#8243; centered_text=&#8221;true&#8221;][apress_gradient_icon_box icon_alignment=&#8221;left&#8221; description=&#8221;&#8221; data_animation=&#8221;fadeInUp&#8221; data_delay=&#8221;300&#8243; icon_type=&#8221;image&#8221; icon_image=&#8221;2086&#8243; gradient_icon_size=&#8221;50&#8243; style=&#8221;iconbox_style1&#8243; title_font_options=&#8221;tag:h3|font_size:18|line_height:18&#8243; box_link=&#8221;|||&#8221;]Portal do Cliente<br \/>\n(web) e APP[\/apress_gradient_icon_box]<div class=\"ult-spacer spacer-69d41352e1917\" data-id=\"69d41352e1917\" data-height=\"\" data-height-mobile=\"50\" data-height-tab=\"\" data-height-tab-portrait=\"\" data-height-mobile-landscape=\"50\" style=\"clear:both;display:block;\"><\/div>[\/vc_column][vc_column width=&#8221;1\/4&#8243; centered_text=&#8221;true&#8221;][apress_gradient_icon_box icon_alignment=&#8221;left&#8221; description=&#8221;&#8221; data_animation=&#8221;fadeInUp&#8221; data_delay=&#8221;300&#8243; icon_type=&#8221;image&#8221; icon_image=&#8221;2085&#8243; gradient_icon_size=&#8221;60&#8243; style=&#8221;iconbox_style1&#8243; title_font_options=&#8221;tag:h3|font_size:18|line_height:18&#8243; box_link=&#8221;|||&#8221;]Coleta<br \/>\nProgramada[\/apress_gradient_icon_box]<div class=\"ult-spacer spacer-69d41352e1932\" data-id=\"69d41352e1932\" data-height=\"\" data-height-mobile=\"50\" data-height-tab=\"\" data-height-tab-portrait=\"\" data-height-mobile-landscape=\"50\" style=\"clear:both;display:block;\"><\/div>[\/vc_column][\/vc_row][vc_row full_width=&#8221;stretch_row_content_no_spaces&#8221; equal_height=&#8221;yes&#8221; content_placement=&#8221;middle&#8221; css=&#8221;.vc_custom_1565637918580{margin-right: 0px !important;background-color: #f9fafa !important;}&#8221;][vc_column css_animation=&#8221;fadeInUp&#8221; width=&#8221;1\/2&#8243; css=&#8221;.vc_custom_1680204583997{border-top-width: 100px !important;padding-right: 10% !important;padding-bottom: 100px !important;padding-left: 10% !important;}&#8221; offset=&#8221;vc_col-lg-offset-0 vc_col-md-offset-0 vc_col-sm-offset-0 vc_hidden-xs&#8221;][vc_empty_space height=&#8221;30px&#8221;][vc_column_text]<span style=\"font-size: 16pt;\">O laborat\u00f3rio Kurdian iniciou suas atividades em 1998. Consideramos cada cliente uma conquista, um relacionamento que precisa ser mantido e aprimorado.<\/span><\/p>\n<p><strong><span style=\"font-size: 16pt;\">Nosso foco \u00e9 transpar\u00eancia e evolu\u00e7\u00e3o.<\/span><br \/>\n<\/strong><br \/>\nAna Claudia Kurdian[\/vc_column_text][\/vc_column][vc_column css_animation=&#8221;fadeInRight&#8221; width=&#8221;1\/2&#8243; css=&#8221;.vc_custom_1680204592005{padding-top: 100px !important;padding-bottom: 100px !important;background-image: url(http:\/\/kurdian.com.br\/wp-content\/uploads\/2019\/09\/kurdian-compromisso-com-a-qualidade-1.png?id=2018) !important;background-position: center !important;background-repeat: no-repeat !important;background-size: cover !important;}&#8221; offset=&#8221;vc_hidden-xs&#8221;]<div class=\"ult-spacer spacer-69d41352e1959\" data-id=\"69d41352e1959\" data-height=\"300\" data-height-mobile=\"300\" data-height-tab=\"\" data-height-tab-portrait=\"\" data-height-mobile-landscape=\"300\" style=\"clear:both;display:block;\"><\/div>[\/vc_column][\/vc_row][vc_row full_width=&#8221;stretch_row_content_no_spaces&#8221; equal_height=&#8221;yes&#8221; content_placement=&#8221;middle&#8221; css=&#8221;.vc_custom_1565637918580{margin-right: 0px !important;background-color: #f9fafa !important;}&#8221;][vc_column css_animation=&#8221;fadeInUp&#8221; width=&#8221;1\/2&#8243; css=&#8221;.vc_custom_1680204608782{border-top-width: 100px !important;padding-right: 10% !important;padding-bottom: 100px !important;padding-left: 10% !important;}&#8221; offset=&#8221;vc_col-lg-offset-0 vc_hidden-lg vc_col-md-offset-0 vc_hidden-md vc_col-sm-offset-0 vc_hidden-sm&#8221;][vc_empty_space height=&#8221;30px&#8221;][vc_column_text]<span style=\"font-size: 16pt;\">O laborat\u00f3rio Kurdian iniciou suas atividades em 1998. Consideramos cada cliente uma conquista, um relacionamento que precisa ser mantido e aprimorado.<\/span><\/p>\n<p><strong><span style=\"font-size: 16pt;\">Nosso foco \u00e9 transpar\u00eancia e evolu\u00e7\u00e3o.<\/span><br \/>\n<\/strong><br \/>\nAna Claudia Kurdian[\/vc_column_text][\/vc_column][vc_column css_animation=&#8221;fadeInRight&#8221; width=&#8221;1\/2&#8243; css=&#8221;.vc_custom_1680204625092{padding-top: 100px !important;padding-bottom: 100px !important;background-image: url(https:\/\/kurdian.com.br\/wp-content\/uploads\/2023\/03\/Camada-1.jpg?id=2234) !important;background-position: center !important;background-repeat: no-repeat !important;background-size: cover !important;}&#8221; offset=&#8221;vc_hidden-lg vc_hidden-md vc_hidden-sm&#8221;]<div class=\"ult-spacer spacer-69d41352e1978\" data-id=\"69d41352e1978\" data-height=\"300\" data-height-mobile=\"300\" data-height-tab=\"\" data-height-tab-portrait=\"\" data-height-mobile-landscape=\"300\" style=\"clear:both;display:block;\"><\/div>[\/vc_column][\/vc_row][vc_row full_width=&#8221;stretch_row_content_no_spaces&#8221; equal_height=&#8221;yes&#8221; content_placement=&#8221;middle&#8221; css=&#8221;.vc_custom_1565637918580{margin-right: 0px !important;background-color: #f9fafa !important;}&#8221;][vc_column css_animation=&#8221;fadeInUp&#8221; width=&#8221;1\/2&#8243; css=&#8221;.vc_custom_1567523042660{border-top-width: 100px !important;padding-right: 10% !important;padding-bottom: 100px !important;padding-left: 10% !important;}&#8221; offset=&#8221;vc_col-lg-offset-0 vc_hidden-lg vc_col-md-offset-0 vc_hidden-md vc_col-sm-offset-0 vc_hidden-sm&#8221;][vc_empty_space height=&#8221;20px&#8221;][apress_gradient_icon_box icon_alignment=&#8221;left&#8221; description=&#8221;&#8221; data_animation=&#8221;fadeInDown&#8221; icon_type=&#8221;image&#8221; icon_image=&#8221;2090&#8243; gradient_icon_size=&#8221;80&#8243; style=&#8221;iconbox_style1&#8243; title_font_options=&#8221;tag:h3|font_size:30|color:%2395969a|line_height:30&#8243;]Tecnologia[\/apress_gradient_icon_box][vc_empty_space height=&#8221;10px&#8221;][vc_column_text]<span style=\"font-size: 16pt;\">Trabalhamos com solu\u00e7\u00f5es CAD\/CAM<\/span><br \/>\n<span style=\"font-size: 16pt;\">para entregar resultados de alta performance<\/span>[\/vc_column_text][apress_client_logo images=&#8221;2032&#8243; desktop_no_of_items=&#8221;1&#8243; small_desktop_no_of_items=&#8221;1&#8243; tablet_no_of_items=&#8221;1&#8243; mobile_no_of_items=&#8221;1&#8243; slider_gutter=&#8221;10&#8243; logo_hover_style=&#8221;black_white_color&#8221; opacity=&#8221;0.9&#8243; hover_opacity=&#8221;1&#8243; style=&#8221;client_logo_style1&#8243;][\/vc_column][vc_column css_animation=&#8221;fadeInRight&#8221; width=&#8221;1\/2&#8243; css=&#8221;.vc_custom_1673635423437{padding-top: 100px !important;padding-bottom: 100px !important;background-image: url(https:\/\/kurdian.com.br\/wp-content\/uploads\/2019\/08\/kurdian-evolucao-tecnologia_02.jpg?id=1910) !important;background-position: center !important;background-repeat: no-repeat !important;background-size: cover !important;}&#8221; offset=&#8221;vc_hidden-lg vc_hidden-md vc_hidden-sm&#8221;]<div class=\"ult-spacer spacer-69d41352e1993\" data-id=\"69d41352e1993\" data-height=\"300\" data-height-mobile=\"300\" data-height-tab=\"\" data-height-tab-portrait=\"\" data-height-mobile-landscape=\"300\" style=\"clear:both;display:block;\"><\/div>[\/vc_column][\/vc_row][vc_row full_width=&#8221;stretch_row_content_no_spaces&#8221; equal_height=&#8221;yes&#8221; content_placement=&#8221;middle&#8221; css=&#8221;.vc_custom_1565637929132{margin-right: 0px !important;background-color: #f9fafa !important;}&#8221;][vc_column css_animation=&#8221;fadeInLeft&#8221; width=&#8221;1\/2&#8243; css=&#8221;.vc_custom_1673633330671{padding-top: 100px !important;padding-bottom: 100px !important;background-image: url(https:\/\/kurdian.com.br\/wp-content\/uploads\/2019\/08\/kurdian-evolucao-tecnologia_02.jpg?id=1910) !important;background-position: center !important;background-repeat: no-repeat !important;background-size: cover !important;}&#8221; offset=&#8221;vc_hidden-xs&#8221;]<div class=\"ult-spacer spacer-69d41352e19ad\" data-id=\"69d41352e19ad\" data-height=\"300\" data-height-mobile=\"300\" data-height-tab=\"\" data-height-tab-portrait=\"\" data-height-mobile-landscape=\"300\" style=\"clear:both;display:block;\"><\/div>[\/vc_column][vc_column width=&#8221;1\/2&#8243; css=&#8221;.vc_custom_1567523197945{border-top-width: 100px !important;padding-right: 70px !important;padding-bottom: 100px !important;padding-left: 70px !important;}&#8221; offset=&#8221;vc_col-lg-offset-0 vc_col-md-offset-0 vc_col-sm-offset-0 vc_hidden-xs&#8221;][vc_empty_space height=&#8221;20px&#8221;][apress_gradient_icon_box icon_alignment=&#8221;left&#8221; description=&#8221;&#8221; data_animation=&#8221;fadeInDown&#8221; icon_type=&#8221;image&#8221; icon_image=&#8221;2090&#8243; gradient_icon_size=&#8221;80&#8243; style=&#8221;iconbox_style1&#8243; title_font_options=&#8221;tag:h3|font_size:30|color:%2395969a|line_height:30&#8243;]Tecnologia[\/apress_gradient_icon_box][vc_empty_space height=&#8221;10px&#8221;][vc_column_text]<span style=\"font-size: 16pt;\">Trabalhamos com solu\u00e7\u00f5es CAD\/CAM<\/span><br \/>\n<span style=\"font-size: 16pt;\">para entregar resultados de alta performance<\/span>[\/vc_column_text][apress_client_logo images=&#8221;2032&#8243; desktop_no_of_items=&#8221;1&#8243; small_desktop_no_of_items=&#8221;1&#8243; tablet_no_of_items=&#8221;1&#8243; mobile_no_of_items=&#8221;2&#8243; slider_gutter=&#8221;10&#8243; logo_hover_style=&#8221;black_white_color&#8221; opacity=&#8221;0.9&#8243; hover_opacity=&#8221;1&#8243; style=&#8221;client_logo_style1&#8243;][\/vc_column][\/vc_row][vc_row full_width=&#8221;stretch_row_content_no_spaces&#8221; equal_height=&#8221;yes&#8221; content_placement=&#8221;middle&#8221; css=&#8221;.vc_custom_1565637918580{margin-right: 0px !important;background-color: #f9fafa !important;}&#8221;][vc_column css_animation=&#8221;fadeInUp&#8221; width=&#8221;1\/2&#8243; css=&#8221;.vc_custom_1505458621790{border-top-width: 100px !important;padding-right: 10% !important;padding-bottom: 100px !important;padding-left: 10% !important;}&#8221; offset=&#8221;vc_col-lg-offset-0 vc_col-md-offset-0 vc_col-sm-offset-0&#8243;][vc_empty_space height=&#8221;30px&#8221;][vc_column_text]<strong><span style=\"font-size: 16pt;\">Biblioteca digital de scan body<\/span><br \/>\n<\/strong><\/p>\n<p style=\"text-align: justify;\"><span style=\"font-size: 16pt;\">Contamos com uma biblioteca digital de scan body de diversos fabricantes como Straumann, Neodente, SIN entre outros. Dessa forma, evitamos atrasos de terceiros e reduzimos custos para nossos clientes. Estamos preparados para receber arquivos digitais de scanners intraorais dos principais fabricantes do mercado.<\/span><\/p>\n<p>[\/vc_column_text][\/vc_column][vc_column css_animation=&#8221;fadeInRight&#8221; width=&#8221;1\/2&#8243; css=&#8221;.vc_custom_1680204024978{padding-top: 100px !important;padding-bottom: 100px !important;background-image: url(http:\/\/kurdian.com.br\/wp-content\/uploads\/2019\/09\/kurdian-biblioteca-digital-de-scan-body.png?id=1998) !important;background-position: center !important;background-repeat: no-repeat !important;background-size: cover !important;}&#8221;]<div class=\"ult-spacer spacer-69d41352e19c7\" data-id=\"69d41352e19c7\" data-height=\"300\" data-height-mobile=\"300\" data-height-tab=\"\" data-height-tab-portrait=\"\" data-height-mobile-landscape=\"300\" style=\"clear:both;display:block;\"><\/div>[\/vc_column][\/vc_row][vc_row css=&#8221;.vc_custom_1565641663555{padding-top: 100px !important;padding-right: 5% !important;padding-bottom: 50px !important;padding-left: 5% !important;}&#8221;][vc_column][apress_heading sub_title=&#8221;&#8221; content_alignment=&#8221;left&#8221; data_animation=&#8221;fadeInUp&#8221; enable_delimiter=&#8221;&#8221; color_scheme=&#8221;design_your_own&#8221; main_heading_color=&#8221;#95969a&#8221; title_google_fonts=&#8221;yes&#8221; style=&#8221;heading_style1&#8243; title_font_options=&#8221;tag:h2&#8243; subtitle_font_options=&#8221;tag:h4&#8243; heading_margin=&#8221;margin-bottom:30&#8243; subheading_margin=&#8221;margin-bottom:50&#8243; title_custom_fonts=&#8221;font_family:Open%20Sans%3A300%2C300italic%2Cregular%2Citalic%2C600%2C600italic%2C700%2C700italic%2C800%2C800italic|font_style:400%20regular%3A400%3Anormal&#8221;]Informativo[\/apress_heading]<div class=\"ult-spacer spacer-69d41352e19de\" data-id=\"69d41352e19de\" data-height=\"30\" data-height-mobile=\"30\" data-height-tab=\"30\" data-height-tab-portrait=\"\" data-height-mobile-landscape=\"\" style=\"clear:both;display:block;\"><\/div>[apress_blog_styles category=&#8221;informativo&#8221; num=&#8221;3&#8243; blgcrslcolprw=&#8221;Three&#8221; posttitleposition=&#8221;below&#8221; categoryposition=&#8221;below&#8221; categorydesign=&#8221;none&#8221; categoryfontcolorhover=&#8221;#00a651&#8243; continuereadingmodify=&#8221;Continue Lendo&#8221; buttonfontcolorhover=&#8221;#95969a&#8221; buttonbordercolorhover=&#8221;#95969a&#8221; socialsharingshowhide=&#8221;hide&#8221; postmetashowhide=&#8221;hide&#8221; style=&#8221;style9&#8243;][\/vc_column][\/vc_row]<\/p>\n","protected":false},"excerpt":{"rendered":"<p>[vc_row css=&#8221;.vc_custom_1565900735939{padding-top: 0px !important;padding-right: 30px !important;padding-bottom: 40px !important;padding-left: 60px !important;}&#8221;][vc_column width=&#8221;1\/4&#8243; centered_text=&#8221;true&#8221;][apress_gradient_icon_box icon_alignment=&#8221;left&#8221; description=&#8221;&#8221; data_animation=&#8221;fadeInUp&#8221; data_delay=&#8221;300&#8243; icon_type=&#8221;image&#8221; icon_image=&#8221;2087&#8243; gradient_icon_size=&#8221;60&#8243; style=&#8221;iconbox_style1&#8243; title_font_options=&#8221;tag:h3|font_size:18|line_height:18&#8243; box_link=&#8221;|||&#8221;]Excelente Custo Benef\u00edcio[\/apress_gradient_icon_box][\/vc_column][vc_column width=&#8221;1\/4&#8243; centered_text=&#8221;true&#8221;][apress_gradient_icon_box icon_alignment=&#8221;left&#8221; description=&#8221;&#8221; data_animation=&#8221;fadeInUp&#8221; data_delay=&#8221;300&#8243; icon_type=&#8221;image&#8221; icon_image=&#8221;2084&#8243; gradient_icon_size=&#8221;60&#8243; style=&#8221;iconbox_style1&#8243; title_font_options=&#8221;tag:h3|font_size:18|line_height:18&#8243; box_link=&#8221;|||&#8221;]Acesso \u00e0 T\u00e9cnica Respons\u00e1vel[\/apress_gradient_icon_box][\/vc_column][vc_column width=&#8221;1\/4&#8243;<span class=\"read_more_area\"><a class=\"read-more\" href=\"https:\/\/kurdian.com.br\/\"> Continue Lendo <\/a><\/span><\/p>\n","protected":false},"author":1,"featured_media":0,"parent":0,"menu_order":0,"comment_status":"closed","ping_status":"closed","template":"","meta":{"footnotes":""},"class_list":["post-1771","page","type-page","status-publish","hentry"],"_links":{"self":[{"href":"https:\/\/kurdian.com.br\/index.php\/wp-json\/wp\/v2\/pages\/1771","targetHints":{"allow":["GET"]}}],"collection":[{"href":"https:\/\/kurdian.com.br\/index.php\/wp-json\/wp\/v2\/pages"}],"about":[{"href":"https:\/\/kurdian.com.br\/index.php\/wp-json\/wp\/v2\/types\/page"}],"author":[{"embeddable":true,"href":"https:\/\/kurdian.com.br\/index.php\/wp-json\/wp\/v2\/users\/1"}],"replies":[{"embeddable":true,"href":"https:\/\/kurdian.com.br\/index.php\/wp-json\/wp\/v2\/comments?post=1771"}],"version-history":[{"count":11,"href":"https:\/\/kurdian.com.br\/index.php\/wp-json\/wp\/v2\/pages\/1771\/revisions"}],"predecessor-version":[{"id":2245,"href":"https:\/\/kurdian.com.br\/index.php\/wp-json\/wp\/v2\/pages\/1771\/revisions\/2245"}],"wp:attachment":[{"href":"https:\/\/kurdian.com.br\/index.php\/wp-json\/wp\/v2\/media?parent=1771"}],"curies":[{"name":"wp","href":"https:\/\/api.w.org\/{rel}","templated":true}]}}